{"id":74,"date":"2024-02-21T21:17:03","date_gmt":"2024-02-21T21:17:03","guid":{"rendered":"https:\/\/first.sicamtubi.com\/?page_id=74"},"modified":"2025-01-29T14:26:09","modified_gmt":"2025-01-29T14:26:09","slug":"profilo-aziendale","status":"publish","type":"page","link":"https:\/\/first.sicamtubi.com\/en\/profilo-aziendale\/","title":{"rendered":"Company profile"},"content":{"rendered":"<div data-elementor-type=\"wp-page\" data-elementor-id=\"74\" class=\"elementor elementor-74\" data-elementor-post-type=\"page\">\n\t\t\t\t\t\t<section class=\"elementor-section elementor-top-section elementor-element elementor-element-7848e97 elementor-section-full_width elementor-section-items-stretch elementor-section-stretched elementor-section-height-min-height elementor-section-height-default\" data-id=\"7848e97\" data-element_type=\"section\" data-settings=\"{&quot;background_background&quot;:&quot;slideshow&quot;,&quot;stretch_section&quot;:&quot;section-stretched&quot;,&quot;background_slideshow_gallery&quot;:[{&quot;id&quot;:1622,&quot;url&quot;:&quot;https:\\\/\\\/first.sicamtubi.com\\\/wp-content\\\/uploads\\\/2024\\\/04\\\/O1A4479-scaled.jpg&quot;}],&quot;background_slideshow_loop&quot;:&quot;yes&quot;,&quot;background_slideshow_slide_duration&quot;:5000,&quot;background_slideshow_slide_transition&quot;:&quot;fade&quot;,&quot;background_slideshow_transition_duration&quot;:500}\">\n\t\t\t\t\t\t<div class=\"elementor-container elementor-column-gap-no\">\n\t\t\t\t\t<div class=\"elementor-column elementor-col-100 elementor-top-column elementor-element elementor-element-7ab7c9d\" data-id=\"7ab7c9d\" data-element_type=\"column\">\n\t\t\t<div class=\"elementor-widget-wrap\">\n\t\t\t\t\t\t\t<\/div>\n\t\t<\/div>\n\t\t\t\t\t<\/div>\n\t\t<\/section>\n\t\t\t\t<section class=\"elementor-section elementor-top-section elementor-element elementor-element-ca9316c elementor-section-full_width elementor-section-content-middle elementor-section-stretched elementor-section-height-default elementor-section-height-default\" data-id=\"ca9316c\" data-element_type=\"section\" data-settings=\"{&quot;stretch_section&quot;:&quot;section-stretched&quot;}\">\n\t\t\t\t\t\t<div class=\"elementor-container elementor-column-gap-no\">\n\t\t\t\t\t<div class=\"elementor-column elementor-col-100 elementor-top-column elementor-element elementor-element-0737850\" data-id=\"0737850\" data-element_type=\"column\">\n\t\t\t<div class=\"elementor-widget-wrap elementor-element-populated\">\n\t\t\t\t\t\t<div class=\"elementor-element elementor-element-6775256 elementor-widget elementor-widget-heading\" data-id=\"6775256\" data-element_type=\"widget\" data-widget_type=\"heading.default\">\n\t\t\t\t<div class=\"elementor-widget-container\">\n\t\t\t\t\t<p class=\"elementor-heading-title elementor-size-default\">Company Profile<\/p>\t\t\t\t<\/div>\n\t\t\t\t<\/div>\n\t\t\t\t<div class=\"elementor-element elementor-element-df8e43b elementor-widget elementor-widget-text-editor\" data-id=\"df8e43b\" data-element_type=\"widget\" data-widget_type=\"text-editor.default\">\n\t\t\t\t<div class=\"elementor-widget-container\">\n\t\t\t\t\t\t\t\t\t<div class=\"flex flex-grow flex-col max-w-full\"><div class=\"min-h-[20px] text-message flex flex-col items-start gap-3 whitespace-pre-wrap break-words [.text-message+&amp;]:mt-5 overflow-x-auto\" data-message-author-role=\"assistant\" data-message-id=\"9eb442b3-8027-4c4c-847a-8994c10d1b2a\"><div class=\"markdown prose w-full break-words dark:prose-invert dark\"><p>The story of Sicam S.p.A. began back in 1973, marking the start of a journey that saw the company grow and flourish in the steel tube distribution industry. From being a key point of reference in Italy, Sicam expanded its horizons, becoming a driving force within the <a href=\"https:\/\/first.sicamtubi.com\/en\/bianco-group\/\">Bianco Group<\/a>extending its influence across Europe and the Americas.<\/p><p>The relentless commitment to quality and service efficiency has forged Sicam's reputation, making it a reliable cornerstone in the distribution landscape. The company has consistently expanded its product range, demonstrating an extraordinary ability to adapt to the changing needs of customers.<\/p><p>Strategically positioning itself to serve the European and American markets, the <a href=\"https:\/\/first.sicamtubi.com\/en\/bianco-group\/\">Bianco Group<\/a>, with Sicam at the forefront of the Italian market, the company stands out for providing immediate responses to customer requests. Fast and on-time deliveries, combined with certified quality of both services and products, form the foundation upon which the company's success is built.<\/p><p>However, Sicam S.p.A. goes beyond operational excellence. The company is committed to establishing genuine collaborative relationships with each customer, aspiring to provide personalized solutions that uniquely address their problems and needs. This commitment to creating added value through carefully tailored service underscores the proactive, customer-oriented approach that distinguishes Sicam S.p.A. and the Bianco Group as a whole.<\/p><\/div><\/div><\/div>\t\t\t\t\t\t\t\t<\/div>\n\t\t\t\t<\/div>\n\t\t\t\t\t<\/div>\n\t\t<\/div>\n\t\t\t\t\t<\/div>\n\t\t<\/section>\n\t\t<div class=\"elementor-element elementor-element-5f26660 e-flex e-con-boxed e-con e-parent\" data-id=\"5f26660\" data-element_type=\"container\">\n\t\t\t\t\t<div class=\"e-con-inner\">\n\t\t\t\t<div class=\"elementor-element elementor-element-90ed805 elementor-widget elementor-widget-html\" data-id=\"90ed805\" data-element_type=\"widget\" data-widget_type=\"html.default\">\n\t\t\t\t<div class=\"elementor-widget-container\">\n\t\t\t\t\t<script type=\"text\/javascript\" src=\"https:\/\/ssc.paginegialle.it\/cgi-bin\/getcod.cgi?USER=E8956070-9FAA-F762-E040-A8C08D262EE0&BC=sitocliente\"><\/script>\t\t\t\t<\/div>\n\t\t\t\t<\/div>\n\t\t\t\t\t<\/div>\n\t\t\t\t<\/div>\n\t\t\t\t<\/div>","protected":false},"excerpt":{"rendered":"<p>Profilo Aziendale La storia avvincente della Sicam S.p.A. ha inizio nel lontano 1973, un capitolo che ha visto l&#8217;azienda crescere e prosperare nel mondo della distribuzione dei tubi di acciaio.&hellip;<\/p>","protected":false},"author":1,"featured_media":581,"parent":0,"menu_order":0,"comment_status":"closed","ping_status":"closed","template":"elementor_header_footer","meta":{"iawp_total_views":3341,"footnotes":""},"class_list":["post-74","page","type-page","status-publish","has-post-thumbnail","hentry"],"yoast_head":"<!-- This site is optimized with the Yoast SEO plugin v26.4 - https:\/\/yoast.com\/wordpress\/plugins\/seo\/ -->\n<title>Profilo Aziendale - Sicam S.p.A<\/title>\n<meta name=\"description\" content=\"Da un punto di riferimento in Italia a una forza nel Bianco Group, la nostra storia \u00e8 segnata dall&#039;impegno costante per la qualit\u00e0 e l&#039;efficienza del servizio. La Sicam si distingue per la sua capacit\u00e0 di adattarsi alle mutevoli esigenze dei clienti, offrendo soluzioni personalizzate. Posizionandoci strategicamente in Europa e in America, garantiamo consegne veloci e puntuali, fondando il nostro successo sulla qualit\u00e0 certificata. Oltre all&#039;eccellenza operativa, ci impegniamo a costruire rapporti autentici con i clienti, offrendo soluzioni su misura che riflettono il nostro approccio proattivo e orientato al cliente.\" \/>\n<meta name=\"robots\" content=\"index, follow, max-snippet:-1, max-image-preview:large, max-video-preview:-1\" \/>\n<link rel=\"canonical\" href=\"https:\/\/first.sicamtubi.com\/en\/profilo-aziendale\/\" \/>\n<meta property=\"og:locale\" content=\"en_GB\" \/>\n<meta property=\"og:type\" content=\"article\" \/>\n<meta property=\"og:title\" content=\"Profilo Aziendale - Sicam S.p.A\" \/>\n<meta property=\"og:description\" content=\"Da un punto di riferimento in Italia a una forza nel Bianco Group, la nostra storia \u00e8 segnata dall&#039;impegno costante per la qualit\u00e0 e l&#039;efficienza del servizio. La Sicam si distingue per la sua capacit\u00e0 di adattarsi alle mutevoli esigenze dei clienti, offrendo soluzioni personalizzate. Posizionandoci strategicamente in Europa e in America, garantiamo consegne veloci e puntuali, fondando il nostro successo sulla qualit\u00e0 certificata. Oltre all&#039;eccellenza operativa, ci impegniamo a costruire rapporti autentici con i clienti, offrendo soluzioni su misura che riflettono il nostro approccio proattivo e orientato al cliente.\" \/>\n<meta property=\"og:url\" content=\"https:\/\/first.sicamtubi.com\/en\/profilo-aziendale\/\" \/>\n<meta property=\"og:site_name\" content=\"Sicam S.p.A\" \/>\n<meta property=\"article:modified_time\" content=\"2025-01-29T14:26:09+00:00\" \/>\n<meta property=\"og:image\" content=\"https:\/\/first.sicamtubi.com\/wp-content\/uploads\/2024\/02\/Diapositiva15.jpeg\" \/>\n\t<meta property=\"og:image:width\" content=\"1256\" \/>\n\t<meta property=\"og:image:height\" content=\"1256\" \/>\n\t<meta property=\"og:image:type\" content=\"image\/jpeg\" \/>\n<meta name=\"twitter:card\" content=\"summary_large_image\" \/>\n<meta name=\"twitter:label1\" content=\"Estimated reading time\" \/>\n\t<meta name=\"twitter:data1\" content=\"2 minutes\" \/>\n<script type=\"application\/ld+json\" class=\"yoast-schema-graph\">{\"@context\":\"https:\/\/schema.org\",\"@graph\":[{\"@type\":\"WebPage\",\"@id\":\"https:\/\/first.sicamtubi.com\/profilo-aziendale\/\",\"url\":\"https:\/\/first.sicamtubi.com\/profilo-aziendale\/\",\"name\":\"Profilo Aziendale - Sicam S.p.A\",\"isPartOf\":{\"@id\":\"https:\/\/first.sicamtubi.com\/#website\"},\"primaryImageOfPage\":{\"@id\":\"https:\/\/first.sicamtubi.com\/profilo-aziendale\/#primaryimage\"},\"image\":{\"@id\":\"https:\/\/first.sicamtubi.com\/profilo-aziendale\/#primaryimage\"},\"thumbnailUrl\":\"https:\/\/first.sicamtubi.com\/wp-content\/uploads\/2024\/02\/Diapositiva15.jpeg\",\"datePublished\":\"2024-02-21T21:17:03+00:00\",\"dateModified\":\"2025-01-29T14:26:09+00:00\",\"description\":\"Da un punto di riferimento in Italia a una forza nel Bianco Group, la nostra storia \u00e8 segnata dall'impegno costante per la qualit\u00e0 e l'efficienza del servizio. La Sicam si distingue per la sua capacit\u00e0 di adattarsi alle mutevoli esigenze dei clienti, offrendo soluzioni personalizzate. Posizionandoci strategicamente in Europa e in America, garantiamo consegne veloci e puntuali, fondando il nostro successo sulla qualit\u00e0 certificata. Oltre all'eccellenza operativa, ci impegniamo a costruire rapporti autentici con i clienti, offrendo soluzioni su misura che riflettono il nostro approccio proattivo e orientato al cliente.\",\"breadcrumb\":{\"@id\":\"https:\/\/first.sicamtubi.com\/profilo-aziendale\/#breadcrumb\"},\"inLanguage\":\"en-GB\",\"potentialAction\":[{\"@type\":\"ReadAction\",\"target\":[\"https:\/\/first.sicamtubi.com\/profilo-aziendale\/\"]}]},{\"@type\":\"ImageObject\",\"inLanguage\":\"en-GB\",\"@id\":\"https:\/\/first.sicamtubi.com\/profilo-aziendale\/#primaryimage\",\"url\":\"https:\/\/first.sicamtubi.com\/wp-content\/uploads\/2024\/02\/Diapositiva15.jpeg\",\"contentUrl\":\"https:\/\/first.sicamtubi.com\/wp-content\/uploads\/2024\/02\/Diapositiva15.jpeg\",\"width\":1256,\"height\":1256},{\"@type\":\"BreadcrumbList\",\"@id\":\"https:\/\/first.sicamtubi.com\/profilo-aziendale\/#breadcrumb\",\"itemListElement\":[{\"@type\":\"ListItem\",\"position\":1,\"name\":\"Home\",\"item\":\"https:\/\/first.sicamtubi.com\/\"},{\"@type\":\"ListItem\",\"position\":2,\"name\":\"Profilo Aziendale\"}]},{\"@type\":\"WebSite\",\"@id\":\"https:\/\/first.sicamtubi.com\/#website\",\"url\":\"https:\/\/first.sicamtubi.com\/\",\"name\":\"sicamtubi.com\",\"description\":\"\",\"publisher\":{\"@id\":\"https:\/\/first.sicamtubi.com\/#organization\"},\"potentialAction\":[{\"@type\":\"SearchAction\",\"target\":{\"@type\":\"EntryPoint\",\"urlTemplate\":\"https:\/\/first.sicamtubi.com\/?s={search_term_string}\"},\"query-input\":{\"@type\":\"PropertyValueSpecification\",\"valueRequired\":true,\"valueName\":\"search_term_string\"}}],\"inLanguage\":\"en-GB\"},{\"@type\":\"Organization\",\"@id\":\"https:\/\/first.sicamtubi.com\/#organization\",\"name\":\"Sicam s.p.a.\",\"url\":\"https:\/\/first.sicamtubi.com\/\",\"logo\":{\"@type\":\"ImageObject\",\"inLanguage\":\"en-GB\",\"@id\":\"https:\/\/first.sicamtubi.com\/#\/schema\/logo\/image\/\",\"url\":\"https:\/\/first.sicamtubi.com\/wp-content\/uploads\/2024\/02\/cropped-Logo_Sicam_Landing.png\",\"contentUrl\":\"https:\/\/first.sicamtubi.com\/wp-content\/uploads\/2024\/02\/cropped-Logo_Sicam_Landing.png\",\"width\":585,\"height\":157,\"caption\":\"Sicam s.p.a.\"},\"image\":{\"@id\":\"https:\/\/first.sicamtubi.com\/#\/schema\/logo\/image\/\"}}]}<\/script>\n<!-- \/ Yoast SEO plugin. -->","yoast_head_json":{"title":"Profilo Aziendale - Sicam S.p.A","description":"Da un punto di riferimento in Italia a una forza nel Bianco Group, la nostra storia \u00e8 segnata dall'impegno costante per la qualit\u00e0 e l'efficienza del servizio. La Sicam si distingue per la sua capacit\u00e0 di adattarsi alle mutevoli esigenze dei clienti, offrendo soluzioni personalizzate. Posizionandoci strategicamente in Europa e in America, garantiamo consegne veloci e puntuali, fondando il nostro successo sulla qualit\u00e0 certificata. Oltre all'eccellenza operativa, ci impegniamo a costruire rapporti autentici con i clienti, offrendo soluzioni su misura che riflettono il nostro approccio proattivo e orientato al cliente.","robots":{"index":"index","follow":"follow","max-snippet":"max-snippet:-1","max-image-preview":"max-image-preview:large","max-video-preview":"max-video-preview:-1"},"canonical":"https:\/\/first.sicamtubi.com\/en\/profilo-aziendale\/","og_locale":"en_GB","og_type":"article","og_title":"Profilo Aziendale - Sicam S.p.A","og_description":"Da un punto di riferimento in Italia a una forza nel Bianco Group, la nostra storia \u00e8 segnata dall'impegno costante per la qualit\u00e0 e l'efficienza del servizio. La Sicam si distingue per la sua capacit\u00e0 di adattarsi alle mutevoli esigenze dei clienti, offrendo soluzioni personalizzate. Posizionandoci strategicamente in Europa e in America, garantiamo consegne veloci e puntuali, fondando il nostro successo sulla qualit\u00e0 certificata. Oltre all'eccellenza operativa, ci impegniamo a costruire rapporti autentici con i clienti, offrendo soluzioni su misura che riflettono il nostro approccio proattivo e orientato al cliente.","og_url":"https:\/\/first.sicamtubi.com\/en\/profilo-aziendale\/","og_site_name":"Sicam S.p.A","article_modified_time":"2025-01-29T14:26:09+00:00","og_image":[{"width":1256,"height":1256,"url":"https:\/\/first.sicamtubi.com\/wp-content\/uploads\/2024\/02\/Diapositiva15.jpeg","type":"image\/jpeg"}],"twitter_card":"summary_large_image","twitter_misc":{"Estimated reading time":"2 minutes"},"schema":{"@context":"https:\/\/schema.org","@graph":[{"@type":"WebPage","@id":"https:\/\/first.sicamtubi.com\/profilo-aziendale\/","url":"https:\/\/first.sicamtubi.com\/profilo-aziendale\/","name":"Profilo Aziendale - Sicam S.p.A","isPartOf":{"@id":"https:\/\/first.sicamtubi.com\/#website"},"primaryImageOfPage":{"@id":"https:\/\/first.sicamtubi.com\/profilo-aziendale\/#primaryimage"},"image":{"@id":"https:\/\/first.sicamtubi.com\/profilo-aziendale\/#primaryimage"},"thumbnailUrl":"https:\/\/first.sicamtubi.com\/wp-content\/uploads\/2024\/02\/Diapositiva15.jpeg","datePublished":"2024-02-21T21:17:03+00:00","dateModified":"2025-01-29T14:26:09+00:00","description":"Da un punto di riferimento in Italia a una forza nel Bianco Group, la nostra storia \u00e8 segnata dall'impegno costante per la qualit\u00e0 e l'efficienza del servizio. La Sicam si distingue per la sua capacit\u00e0 di adattarsi alle mutevoli esigenze dei clienti, offrendo soluzioni personalizzate. Posizionandoci strategicamente in Europa e in America, garantiamo consegne veloci e puntuali, fondando il nostro successo sulla qualit\u00e0 certificata. Oltre all'eccellenza operativa, ci impegniamo a costruire rapporti autentici con i clienti, offrendo soluzioni su misura che riflettono il nostro approccio proattivo e orientato al cliente.","breadcrumb":{"@id":"https:\/\/first.sicamtubi.com\/profilo-aziendale\/#breadcrumb"},"inLanguage":"en-GB","potentialAction":[{"@type":"ReadAction","target":["https:\/\/first.sicamtubi.com\/profilo-aziendale\/"]}]},{"@type":"ImageObject","inLanguage":"en-GB","@id":"https:\/\/first.sicamtubi.com\/profilo-aziendale\/#primaryimage","url":"https:\/\/first.sicamtubi.com\/wp-content\/uploads\/2024\/02\/Diapositiva15.jpeg","contentUrl":"https:\/\/first.sicamtubi.com\/wp-content\/uploads\/2024\/02\/Diapositiva15.jpeg","width":1256,"height":1256},{"@type":"BreadcrumbList","@id":"https:\/\/first.sicamtubi.com\/profilo-aziendale\/#breadcrumb","itemListElement":[{"@type":"ListItem","position":1,"name":"Home","item":"https:\/\/first.sicamtubi.com\/"},{"@type":"ListItem","position":2,"name":"Profilo Aziendale"}]},{"@type":"WebSite","@id":"https:\/\/first.sicamtubi.com\/#website","url":"https:\/\/first.sicamtubi.com\/","name":"sicamtubi.com","description":"","publisher":{"@id":"https:\/\/first.sicamtubi.com\/#organization"},"potentialAction":[{"@type":"SearchAction","target":{"@type":"EntryPoint","urlTemplate":"https:\/\/first.sicamtubi.com\/?s={search_term_string}"},"query-input":{"@type":"PropertyValueSpecification","valueRequired":true,"valueName":"search_term_string"}}],"inLanguage":"en-GB"},{"@type":"Organization","@id":"https:\/\/first.sicamtubi.com\/#organization","name":"Sicam s.p.a.","url":"https:\/\/first.sicamtubi.com\/","logo":{"@type":"ImageObject","inLanguage":"en-GB","@id":"https:\/\/first.sicamtubi.com\/#\/schema\/logo\/image\/","url":"https:\/\/first.sicamtubi.com\/wp-content\/uploads\/2024\/02\/cropped-Logo_Sicam_Landing.png","contentUrl":"https:\/\/first.sicamtubi.com\/wp-content\/uploads\/2024\/02\/cropped-Logo_Sicam_Landing.png","width":585,"height":157,"caption":"Sicam s.p.a."},"image":{"@id":"https:\/\/first.sicamtubi.com\/#\/schema\/logo\/image\/"}}]}},"_links":{"self":[{"href":"https:\/\/first.sicamtubi.com\/en\/wp-json\/wp\/v2\/pages\/74","targetHints":{"allow":["GET"]}}],"collection":[{"href":"https:\/\/first.sicamtubi.com\/en\/wp-json\/wp\/v2\/pages"}],"about":[{"href":"https:\/\/first.sicamtubi.com\/en\/wp-json\/wp\/v2\/types\/page"}],"author":[{"embeddable":true,"href":"https:\/\/first.sicamtubi.com\/en\/wp-json\/wp\/v2\/users\/1"}],"replies":[{"embeddable":true,"href":"https:\/\/first.sicamtubi.com\/en\/wp-json\/wp\/v2\/comments?post=74"}],"version-history":[{"count":24,"href":"https:\/\/first.sicamtubi.com\/en\/wp-json\/wp\/v2\/pages\/74\/revisions"}],"predecessor-version":[{"id":2287,"href":"https:\/\/first.sicamtubi.com\/en\/wp-json\/wp\/v2\/pages\/74\/revisions\/2287"}],"wp:featuredmedia":[{"embeddable":true,"href":"https:\/\/first.sicamtubi.com\/en\/wp-json\/wp\/v2\/media\/581"}],"wp:attachment":[{"href":"https:\/\/first.sicamtubi.com\/en\/wp-json\/wp\/v2\/media?parent=74"}],"curies":[{"name":"wp","href":"https:\/\/api.w.org\/{rel}","templated":true}]}}