{"id":316,"date":"2024-02-23T13:02:11","date_gmt":"2024-02-23T13:02:11","guid":{"rendered":"https:\/\/first.sicamtubi.com\/?page_id=316"},"modified":"2024-10-09T08:42:31","modified_gmt":"2024-10-09T08:42:31","slug":"etica","status":"publish","type":"page","link":"https:\/\/first.sicamtubi.com\/en\/etica\/","title":{"rendered":"Ethics"},"content":{"rendered":"<div data-elementor-type=\"wp-page\" data-elementor-id=\"316\" class=\"elementor elementor-316\" data-elementor-post-type=\"page\">\n\t\t\t\t\t\t<section class=\"elementor-section elementor-top-section elementor-element elementor-element-ba0dfe9 elementor-section-content-middle elementor-section-stretched elementor-section-boxed elementor-section-height-default elementor-section-height-default\" data-id=\"ba0dfe9\" data-element_type=\"section\" data-settings=\"{&quot;stretch_section&quot;:&quot;section-stretched&quot;}\">\n\t\t\t\t\t\t\t<div class=\"elementor-background-overlay\"><\/div>\n\t\t\t\t\t\t\t<div class=\"elementor-container elementor-column-gap-no\">\n\t\t\t\t\t<div class=\"elementor-column elementor-col-100 elementor-top-column elementor-element elementor-element-c037c27\" data-id=\"c037c27\" data-element_type=\"column\">\n\t\t\t<div class=\"elementor-widget-wrap elementor-element-populated\">\n\t\t\t\t\t\t<div class=\"elementor-element elementor-element-39c1f8d elementor-view-default elementor-position-top elementor-mobile-position-top elementor-widget elementor-widget-icon-box\" data-id=\"39c1f8d\" data-element_type=\"widget\" data-widget_type=\"icon-box.default\">\n\t\t\t\t<div class=\"elementor-widget-container\">\n\t\t\t\t\t\t\t<div class=\"elementor-icon-box-wrapper\">\n\n\t\t\t\t\t\t<div class=\"elementor-icon-box-icon\">\n\t\t\t\t<span  class=\"elementor-icon\">\n\t\t\t\t<svg aria-hidden=\"true\" class=\"e-font-icon-svg e-fas-hand-holding-heart\" viewbox=\"0 0 576 512\" xmlns=\"http:\/\/www.w3.org\/2000\/svg\"><path d=\"M275.3 250.5c7 7.4 18.4 7.4 25.5 0l108.9-114.2c31.6-33.2 29.8-88.2-5.6-118.8-30.8-26.7-76.7-21.9-104.9 7.7L288 36.9l-11.1-11.6C248.7-4.4 202.8-9.2 172 17.5c-35.3 30.6-37.2 85.6-5.6 118.8l108.9 114.2zm290 77.6c-11.8-10.7-30.2-10-42.6 0L430.3 402c-11.3 9.1-25.4 14-40 14H272c-8.8 0-16-7.2-16-16s7.2-16 16-16h78.3c15.9 0 30.7-10.9 33.3-26.6 3.3-20-12.1-37.4-31.6-37.4H192c-27 0-53.1 9.3-74.1 26.3L71.4 384H16c-8.8 0-16 7.2-16 16v96c0 8.8 7.2 16 16 16h356.8c14.5 0 28.6-4.9 40-14L564 377c15.2-12.1 16.4-35.3 1.3-48.9z\"><\/path><\/svg>\t\t\t\t<\/span>\n\t\t\t<\/div>\n\t\t\t\n\t\t\t\t\t\t<div class=\"elementor-icon-box-content\">\n\n\t\t\t\t\t\t\t\t\t<h4 class=\"elementor-icon-box-title\">\n\t\t\t\t\t\t<span  >\n\t\t\t\t\t\t\tRicerca &amp; QUALIT\u00c0\t\t\t\t\t\t<\/span>\n\t\t\t\t\t<\/h4>\n\t\t\t\t\n\t\t\t\t\t\t\t\t\t<p class=\"elementor-icon-box-description\">\n\t\t\t\t\t\tCode of Ethics\t\t\t\t\t<\/p>\n\t\t\t\t\n\t\t\t<\/div>\n\t\t\t\n\t\t<\/div>\n\t\t\t\t\t\t<\/div>\n\t\t\t\t<\/div>\n\t\t\t\t<div class=\"elementor-element elementor-element-b1a35ca elementor-widget elementor-widget-text-editor\" data-id=\"b1a35ca\" data-element_type=\"widget\" data-widget_type=\"text-editor.default\">\n\t\t\t\t<div class=\"elementor-widget-container\">\n\t\t\t\t\t\t\t\t\t<p>With a consolidated know-how acquired over the years and a high level of production flexibility, SICAM S.p.A. is able to offer its customers customized and tailor-made products. Our constant pursuit of quality and compliance with the latest regulatory standards allow us to position ourselves as preferred partners in both production and services and distribution.<\/p><p>One of the fundamental principles guiding our journey since its inception is the focus on workplace safety and the well-being of the people who work there.<strong> Our<\/strong> <strong>team<\/strong>, consists of women and men who invest their professionalism, passion, and commitment in this project. <strong>They are the true soul of the company.<\/strong>.<\/p><p>To ensure the quality of our products and services, we adhere to a strict code of ethics, based on the <strong>transparency<\/strong>, <strong>fairness<\/strong>, <strong>compliance<\/strong> with laws, and respect for people. These values are reflected in our way of operating, characterized by rules, timeliness, and relationships that support our results.<\/p><p><strong>Attention to people is a primary resource for us.<\/strong>We foster an inclusive  and collaborative work environment where<strong>listening<\/strong>, <strong>mutual understanding<\/strong> and <strong>goal sharing<\/strong> are central. We believe in continuous skill development and professional updating, considering training as an essential investment for business success.<\/p><p>In addition, we invest in <strong>environmental sustainability<\/strong> and <strong>employee well-being.<\/strong>, with targeted corporate welfare policies to reward and retain our staff. We are committed to reducing our environmental impact by adopting eco-friendly solutions.<\/p><p>The customer is always at the center of our attention. Our goal is to meet their needs by offering high-quality products and services with complete assistance. Our commitment to quality, sustainability, and well-being guides us in the present and leads us toward a promising future.<\/p>\t\t\t\t\t\t\t\t<\/div>\n\t\t\t\t<\/div>\n\t\t\t\t\t<\/div>\n\t\t<\/div>\n\t\t\t\t\t<\/div>\n\t\t<\/section>\n\t\t<div class=\"elementor-element elementor-element-7f40022 e-flex e-con-boxed e-con e-parent\" data-id=\"7f40022\" data-element_type=\"container\">\n\t\t\t\t\t<div class=\"e-con-inner\">\n\t\t\t\t<div class=\"elementor-element elementor-element-27a2a26 elementor-widget elementor-widget-html\" data-id=\"27a2a26\" data-element_type=\"widget\" data-widget_type=\"html.default\">\n\t\t\t\t<div class=\"elementor-widget-container\">\n\t\t\t\t\t<script type=\"text\/javascript\" src=\"https:\/\/ssc.paginegialle.it\/cgi-bin\/getcod.cgi?USER=E8956070-9FAA-F762-E040-A8C08D262EE0&BC=sitocliente\"><\/script>\t\t\t\t<\/div>\n\t\t\t\t<\/div>\n\t\t\t\t\t<\/div>\n\t\t\t\t<\/div>\n\t\t\t\t<\/div>","protected":false},"excerpt":{"rendered":"<p>Ricerca &#038; QUALIT\u00c0 Codice Etico Con un consolidato know-how acquisito nel corso degli anni e un&#8217;elevata flessibilit\u00e0 produttiva, SICAM s.p.a. \u00e8 in grado di offrire ai suoi clienti prodotti customizzati&hellip;<\/p>","protected":false},"author":1,"featured_media":565,"parent":0,"menu_order":0,"comment_status":"closed","ping_status":"closed","template":"elementor_header_footer","meta":{"iawp_total_views":347,"footnotes":""},"class_list":["post-316","page","type-page","status-publish","has-post-thumbnail","hentry"],"yoast_head":"<!-- This site is optimized with the Yoast SEO plugin v26.4 - https:\/\/yoast.com\/wordpress\/plugins\/seo\/ -->\n<title>Etica - Sicam S.p.A<\/title>\n<meta name=\"description\" content=\"Scopri l&#039;eccellenza e la dedizione di SICAM S.p.A., un punto di riferimento con oltre [numero] anni di esperienza nel settore. Con il nostro approccio flessibile e la costante ricerca della qualit\u00e0, offriamo soluzioni personalizzate e conformi agli standard normativi pi\u00f9 recenti. La sicurezza sul lavoro e il benessere delle persone sono valori fondamentali, alimentati dalla passione e dall&#039;impegno del nostro team. La nostra deontologia aziendale, basata su trasparenza e rispetto, si traduce in operazioni caratterizzate da regole, tempestivit\u00e0 e relazioni solidali. Investiamo nella sostenibilit\u00e0 ambientale e nel benessere dei nostri dipendenti, assicurando politiche di welfare aziendale mirate. Con il cliente sempre al centro delle nostre attenzioni, ci impegniamo a fornire prodotti e servizi di alta qualit\u00e0, garantendo un futuro promettente guidato dalla qualit\u00e0, sostenibilit\u00e0 e benessere.\" \/>\n<meta name=\"robots\" content=\"index, follow, max-snippet:-1, max-image-preview:large, max-video-preview:-1\" \/>\n<link rel=\"canonical\" href=\"https:\/\/first.sicamtubi.com\/en\/etica\/\" \/>\n<meta property=\"og:locale\" content=\"en_GB\" \/>\n<meta property=\"og:type\" content=\"article\" \/>\n<meta property=\"og:title\" content=\"Etica - Sicam S.p.A\" \/>\n<meta property=\"og:description\" content=\"Scopri l&#039;eccellenza e la dedizione di SICAM S.p.A., un punto di riferimento con oltre [numero] anni di esperienza nel settore. Con il nostro approccio flessibile e la costante ricerca della qualit\u00e0, offriamo soluzioni personalizzate e conformi agli standard normativi pi\u00f9 recenti. La sicurezza sul lavoro e il benessere delle persone sono valori fondamentali, alimentati dalla passione e dall&#039;impegno del nostro team. La nostra deontologia aziendale, basata su trasparenza e rispetto, si traduce in operazioni caratterizzate da regole, tempestivit\u00e0 e relazioni solidali. Investiamo nella sostenibilit\u00e0 ambientale e nel benessere dei nostri dipendenti, assicurando politiche di welfare aziendale mirate. Con il cliente sempre al centro delle nostre attenzioni, ci impegniamo a fornire prodotti e servizi di alta qualit\u00e0, garantendo un futuro promettente guidato dalla qualit\u00e0, sostenibilit\u00e0 e benessere.\" \/>\n<meta property=\"og:url\" content=\"https:\/\/first.sicamtubi.com\/en\/etica\/\" \/>\n<meta property=\"og:site_name\" content=\"Sicam S.p.A\" \/>\n<meta property=\"article:modified_time\" content=\"2024-10-09T08:42:31+00:00\" \/>\n<meta property=\"og:image\" content=\"https:\/\/first.sicamtubi.com\/wp-content\/uploads\/2024\/02\/Diapositiva6.jpeg\" \/>\n\t<meta property=\"og:image:width\" content=\"1256\" \/>\n\t<meta property=\"og:image:height\" content=\"1256\" \/>\n\t<meta property=\"og:image:type\" content=\"image\/jpeg\" \/>\n<meta name=\"twitter:card\" content=\"summary_large_image\" \/>\n<meta name=\"twitter:label1\" content=\"Estimated reading time\" \/>\n\t<meta name=\"twitter:data1\" content=\"2 minutes\" \/>\n<script type=\"application\/ld+json\" class=\"yoast-schema-graph\">{\"@context\":\"https:\/\/schema.org\",\"@graph\":[{\"@type\":\"WebPage\",\"@id\":\"https:\/\/first.sicamtubi.com\/etica\/\",\"url\":\"https:\/\/first.sicamtubi.com\/etica\/\",\"name\":\"Etica - Sicam S.p.A\",\"isPartOf\":{\"@id\":\"https:\/\/first.sicamtubi.com\/#website\"},\"primaryImageOfPage\":{\"@id\":\"https:\/\/first.sicamtubi.com\/etica\/#primaryimage\"},\"image\":{\"@id\":\"https:\/\/first.sicamtubi.com\/etica\/#primaryimage\"},\"thumbnailUrl\":\"https:\/\/first.sicamtubi.com\/wp-content\/uploads\/2024\/02\/Diapositiva6.jpeg\",\"datePublished\":\"2024-02-23T13:02:11+00:00\",\"dateModified\":\"2024-10-09T08:42:31+00:00\",\"description\":\"Scopri l'eccellenza e la dedizione di SICAM S.p.A., un punto di riferimento con oltre [numero] anni di esperienza nel settore. Con il nostro approccio flessibile e la costante ricerca della qualit\u00e0, offriamo soluzioni personalizzate e conformi agli standard normativi pi\u00f9 recenti. La sicurezza sul lavoro e il benessere delle persone sono valori fondamentali, alimentati dalla passione e dall'impegno del nostro team. La nostra deontologia aziendale, basata su trasparenza e rispetto, si traduce in operazioni caratterizzate da regole, tempestivit\u00e0 e relazioni solidali. Investiamo nella sostenibilit\u00e0 ambientale e nel benessere dei nostri dipendenti, assicurando politiche di welfare aziendale mirate. Con il cliente sempre al centro delle nostre attenzioni, ci impegniamo a fornire prodotti e servizi di alta qualit\u00e0, garantendo un futuro promettente guidato dalla qualit\u00e0, sostenibilit\u00e0 e benessere.\",\"breadcrumb\":{\"@id\":\"https:\/\/first.sicamtubi.com\/etica\/#breadcrumb\"},\"inLanguage\":\"en-GB\",\"potentialAction\":[{\"@type\":\"ReadAction\",\"target\":[\"https:\/\/first.sicamtubi.com\/etica\/\"]}]},{\"@type\":\"ImageObject\",\"inLanguage\":\"en-GB\",\"@id\":\"https:\/\/first.sicamtubi.com\/etica\/#primaryimage\",\"url\":\"https:\/\/first.sicamtubi.com\/wp-content\/uploads\/2024\/02\/Diapositiva6.jpeg\",\"contentUrl\":\"https:\/\/first.sicamtubi.com\/wp-content\/uploads\/2024\/02\/Diapositiva6.jpeg\",\"width\":1256,\"height\":1256},{\"@type\":\"BreadcrumbList\",\"@id\":\"https:\/\/first.sicamtubi.com\/etica\/#breadcrumb\",\"itemListElement\":[{\"@type\":\"ListItem\",\"position\":1,\"name\":\"Home\",\"item\":\"https:\/\/first.sicamtubi.com\/\"},{\"@type\":\"ListItem\",\"position\":2,\"name\":\"Etica\"}]},{\"@type\":\"WebSite\",\"@id\":\"https:\/\/first.sicamtubi.com\/#website\",\"url\":\"https:\/\/first.sicamtubi.com\/\",\"name\":\"sicamtubi.com\",\"description\":\"\",\"publisher\":{\"@id\":\"https:\/\/first.sicamtubi.com\/#organization\"},\"potentialAction\":[{\"@type\":\"SearchAction\",\"target\":{\"@type\":\"EntryPoint\",\"urlTemplate\":\"https:\/\/first.sicamtubi.com\/?s={search_term_string}\"},\"query-input\":{\"@type\":\"PropertyValueSpecification\",\"valueRequired\":true,\"valueName\":\"search_term_string\"}}],\"inLanguage\":\"en-GB\"},{\"@type\":\"Organization\",\"@id\":\"https:\/\/first.sicamtubi.com\/#organization\",\"name\":\"Sicam s.p.a.\",\"url\":\"https:\/\/first.sicamtubi.com\/\",\"logo\":{\"@type\":\"ImageObject\",\"inLanguage\":\"en-GB\",\"@id\":\"https:\/\/first.sicamtubi.com\/#\/schema\/logo\/image\/\",\"url\":\"https:\/\/first.sicamtubi.com\/wp-content\/uploads\/2024\/02\/cropped-Logo_Sicam_Landing.png\",\"contentUrl\":\"https:\/\/first.sicamtubi.com\/wp-content\/uploads\/2024\/02\/cropped-Logo_Sicam_Landing.png\",\"width\":585,\"height\":157,\"caption\":\"Sicam s.p.a.\"},\"image\":{\"@id\":\"https:\/\/first.sicamtubi.com\/#\/schema\/logo\/image\/\"}}]}<\/script>\n<!-- \/ Yoast SEO plugin. -->","yoast_head_json":{"title":"Etica - Sicam S.p.A","description":"Scopri l'eccellenza e la dedizione di SICAM S.p.A., un punto di riferimento con oltre [numero] anni di esperienza nel settore. Con il nostro approccio flessibile e la costante ricerca della qualit\u00e0, offriamo soluzioni personalizzate e conformi agli standard normativi pi\u00f9 recenti. La sicurezza sul lavoro e il benessere delle persone sono valori fondamentali, alimentati dalla passione e dall'impegno del nostro team. La nostra deontologia aziendale, basata su trasparenza e rispetto, si traduce in operazioni caratterizzate da regole, tempestivit\u00e0 e relazioni solidali. Investiamo nella sostenibilit\u00e0 ambientale e nel benessere dei nostri dipendenti, assicurando politiche di welfare aziendale mirate. Con il cliente sempre al centro delle nostre attenzioni, ci impegniamo a fornire prodotti e servizi di alta qualit\u00e0, garantendo un futuro promettente guidato dalla qualit\u00e0, sostenibilit\u00e0 e benessere.","robots":{"index":"index","follow":"follow","max-snippet":"max-snippet:-1","max-image-preview":"max-image-preview:large","max-video-preview":"max-video-preview:-1"},"canonical":"https:\/\/first.sicamtubi.com\/en\/etica\/","og_locale":"en_GB","og_type":"article","og_title":"Etica - Sicam S.p.A","og_description":"Scopri l'eccellenza e la dedizione di SICAM S.p.A., un punto di riferimento con oltre [numero] anni di esperienza nel settore. Con il nostro approccio flessibile e la costante ricerca della qualit\u00e0, offriamo soluzioni personalizzate e conformi agli standard normativi pi\u00f9 recenti. La sicurezza sul lavoro e il benessere delle persone sono valori fondamentali, alimentati dalla passione e dall'impegno del nostro team. La nostra deontologia aziendale, basata su trasparenza e rispetto, si traduce in operazioni caratterizzate da regole, tempestivit\u00e0 e relazioni solidali. Investiamo nella sostenibilit\u00e0 ambientale e nel benessere dei nostri dipendenti, assicurando politiche di welfare aziendale mirate. Con il cliente sempre al centro delle nostre attenzioni, ci impegniamo a fornire prodotti e servizi di alta qualit\u00e0, garantendo un futuro promettente guidato dalla qualit\u00e0, sostenibilit\u00e0 e benessere.","og_url":"https:\/\/first.sicamtubi.com\/en\/etica\/","og_site_name":"Sicam S.p.A","article_modified_time":"2024-10-09T08:42:31+00:00","og_image":[{"width":1256,"height":1256,"url":"https:\/\/first.sicamtubi.com\/wp-content\/uploads\/2024\/02\/Diapositiva6.jpeg","type":"image\/jpeg"}],"twitter_card":"summary_large_image","twitter_misc":{"Estimated reading time":"2 minutes"},"schema":{"@context":"https:\/\/schema.org","@graph":[{"@type":"WebPage","@id":"https:\/\/first.sicamtubi.com\/etica\/","url":"https:\/\/first.sicamtubi.com\/etica\/","name":"Etica - Sicam S.p.A","isPartOf":{"@id":"https:\/\/first.sicamtubi.com\/#website"},"primaryImageOfPage":{"@id":"https:\/\/first.sicamtubi.com\/etica\/#primaryimage"},"image":{"@id":"https:\/\/first.sicamtubi.com\/etica\/#primaryimage"},"thumbnailUrl":"https:\/\/first.sicamtubi.com\/wp-content\/uploads\/2024\/02\/Diapositiva6.jpeg","datePublished":"2024-02-23T13:02:11+00:00","dateModified":"2024-10-09T08:42:31+00:00","description":"Scopri l'eccellenza e la dedizione di SICAM S.p.A., un punto di riferimento con oltre [numero] anni di esperienza nel settore. Con il nostro approccio flessibile e la costante ricerca della qualit\u00e0, offriamo soluzioni personalizzate e conformi agli standard normativi pi\u00f9 recenti. La sicurezza sul lavoro e il benessere delle persone sono valori fondamentali, alimentati dalla passione e dall'impegno del nostro team. La nostra deontologia aziendale, basata su trasparenza e rispetto, si traduce in operazioni caratterizzate da regole, tempestivit\u00e0 e relazioni solidali. Investiamo nella sostenibilit\u00e0 ambientale e nel benessere dei nostri dipendenti, assicurando politiche di welfare aziendale mirate. Con il cliente sempre al centro delle nostre attenzioni, ci impegniamo a fornire prodotti e servizi di alta qualit\u00e0, garantendo un futuro promettente guidato dalla qualit\u00e0, sostenibilit\u00e0 e benessere.","breadcrumb":{"@id":"https:\/\/first.sicamtubi.com\/etica\/#breadcrumb"},"inLanguage":"en-GB","potentialAction":[{"@type":"ReadAction","target":["https:\/\/first.sicamtubi.com\/etica\/"]}]},{"@type":"ImageObject","inLanguage":"en-GB","@id":"https:\/\/first.sicamtubi.com\/etica\/#primaryimage","url":"https:\/\/first.sicamtubi.com\/wp-content\/uploads\/2024\/02\/Diapositiva6.jpeg","contentUrl":"https:\/\/first.sicamtubi.com\/wp-content\/uploads\/2024\/02\/Diapositiva6.jpeg","width":1256,"height":1256},{"@type":"BreadcrumbList","@id":"https:\/\/first.sicamtubi.com\/etica\/#breadcrumb","itemListElement":[{"@type":"ListItem","position":1,"name":"Home","item":"https:\/\/first.sicamtubi.com\/"},{"@type":"ListItem","position":2,"name":"Etica"}]},{"@type":"WebSite","@id":"https:\/\/first.sicamtubi.com\/#website","url":"https:\/\/first.sicamtubi.com\/","name":"sicamtubi.com","description":"","publisher":{"@id":"https:\/\/first.sicamtubi.com\/#organization"},"potentialAction":[{"@type":"SearchAction","target":{"@type":"EntryPoint","urlTemplate":"https:\/\/first.sicamtubi.com\/?s={search_term_string}"},"query-input":{"@type":"PropertyValueSpecification","valueRequired":true,"valueName":"search_term_string"}}],"inLanguage":"en-GB"},{"@type":"Organization","@id":"https:\/\/first.sicamtubi.com\/#organization","name":"Sicam s.p.a.","url":"https:\/\/first.sicamtubi.com\/","logo":{"@type":"ImageObject","inLanguage":"en-GB","@id":"https:\/\/first.sicamtubi.com\/#\/schema\/logo\/image\/","url":"https:\/\/first.sicamtubi.com\/wp-content\/uploads\/2024\/02\/cropped-Logo_Sicam_Landing.png","contentUrl":"https:\/\/first.sicamtubi.com\/wp-content\/uploads\/2024\/02\/cropped-Logo_Sicam_Landing.png","width":585,"height":157,"caption":"Sicam s.p.a."},"image":{"@id":"https:\/\/first.sicamtubi.com\/#\/schema\/logo\/image\/"}}]}},"_links":{"self":[{"href":"https:\/\/first.sicamtubi.com\/en\/wp-json\/wp\/v2\/pages\/316","targetHints":{"allow":["GET"]}}],"collection":[{"href":"https:\/\/first.sicamtubi.com\/en\/wp-json\/wp\/v2\/pages"}],"about":[{"href":"https:\/\/first.sicamtubi.com\/en\/wp-json\/wp\/v2\/types\/page"}],"author":[{"embeddable":true,"href":"https:\/\/first.sicamtubi.com\/en\/wp-json\/wp\/v2\/users\/1"}],"replies":[{"embeddable":true,"href":"https:\/\/first.sicamtubi.com\/en\/wp-json\/wp\/v2\/comments?post=316"}],"version-history":[{"count":20,"href":"https:\/\/first.sicamtubi.com\/en\/wp-json\/wp\/v2\/pages\/316\/revisions"}],"predecessor-version":[{"id":2176,"href":"https:\/\/first.sicamtubi.com\/en\/wp-json\/wp\/v2\/pages\/316\/revisions\/2176"}],"wp:featuredmedia":[{"embeddable":true,"href":"https:\/\/first.sicamtubi.com\/en\/wp-json\/wp\/v2\/media\/565"}],"wp:attachment":[{"href":"https:\/\/first.sicamtubi.com\/en\/wp-json\/wp\/v2\/media?parent=316"}],"curies":[{"name":"wp","href":"https:\/\/api.w.org\/{rel}","templated":true}]}}