{"id":3,"date":"2024-02-16T16:20:48","date_gmt":"2024-02-16T16:20:48","guid":{"rendered":"https:\/\/first.sicamtubi.com\/?page_id=3"},"modified":"2024-10-09T08:41:26","modified_gmt":"2024-10-09T08:41:26","slug":"cookie-policy","status":"publish","type":"page","link":"https:\/\/first.sicamtubi.com\/en\/cookie-policy\/","title":{"rendered":"Cookie Policy"},"content":{"rendered":"<div data-elementor-type=\"wp-page\" data-elementor-id=\"3\" class=\"elementor elementor-3\" data-elementor-post-type=\"page\">\n\t\t\t\t<div class=\"elementor-element elementor-element-6ec511f4 e-flex e-con-boxed e-con e-parent\" data-id=\"6ec511f4\" data-element_type=\"container\">\n\t\t\t\t\t<div class=\"e-con-inner\">\n\t\t\t\t<div class=\"elementor-element elementor-element-429faebd elementor-widget elementor-widget-text-editor\" data-id=\"429faebd\" data-element_type=\"widget\" data-widget_type=\"text-editor.default\">\n\t\t\t\t<div class=\"elementor-widget-container\">\n\t\t\t\t\t\t\t\t\tSUI COOKIE DEL SITO WEB <a href=\"http:\/\/WWW.SICAMTUBI.COM\" target=\"_new\" rel=\"noopener\">WWW.SICAMTUBI.COM<\/a>\r\n\r\nUltimo aggiornamento Aprile 2024 L&#8217;informativa sulla Privacy del sito web <strong>sicamtubi.com<\/strong> parte integrante della seguente Informativa sui Cookie, compresi i diritti che l&#8217;utente potr\u00e0 far valere contattando gli indirizzi gi\u00e0 segnalati.\r\n\r\nL&#8217;informativa potr\u00e0 subire delle modifiche a seguito dell&#8217;introduzione di nuove norme oppure a seguito di modifiche del sito web, per cui La invitiamo a visitare periodicamente la presente sezione per l&#8217;aggiornamento.\r\n\r\nPer qualsiasi chiarimento, informazione, esercizio dei diritti elencati nella presente informativa, si prenda contatti con <strong>info@sicamtubi.com<\/strong> oppure \u2013 per invio di raccomandate a\/r \u2013 con SICAM TUBI Spa in Via Marziana, 21, 27020 Parona PV\r\n\r\nIndice\r\n<div class=\"dark bg-gray-950 rounded-md border-[0.5px] border-token-border-medium\">\r\n<div class=\"flex items-center relative text-token-text-secondary bg-token-main-surface-secondary px-4 py-2 text-xs font-sans justify-between rounded-t-md\">css<\/div>\r\n<\/div>\r\n<div class=\"dark bg-gray-950 rounded-md border-[0.5px] border-token-border-medium\">\r\n<p class=\"p-4 overflow-y-auto\"><code class=\"!whitespace-pre hljs language-css\">Informazioni generali sui Cookie.\r\nCome si selezionano o disabilitano <span class=\"hljs-selector-tag\">i<\/span> Cookie.\r\nCookie e altri sistemi automatizzati utilizzati nel presente sito web.\r\nCome gestire <span class=\"hljs-selector-tag\">i<\/span> cookie di terze parti.<\/code>\r\n\r\n<\/div>\r\n<ol>\r\n \t<li>Informazioni generali sui Cookie. Ai sensi del Reg. UE 679\/2016, nonch\u00e9 in base a quanto stabilito dal Garante per la protezione dei dati personali con delibera dell&#8217;8.05.2014 per l&#8217;individuazione delle modalit\u00e0 semplificate per l&#8217;informativa e l&#8217;acquisizione del consenso all&#8217;uso dei cookie \u2013 pubblicata sulla Gazzetta Ufficiale n. 126 del 3.06.2014 \u2013 e nel rispetto di tutti i chiarimenti successivi, con la presente informativa il Titolare del trattamento fornisce la propria Cookie Policy. La Cookie Policy ha lo scopo di fornire all&#8217;utente tutte le informazioni relative all&#8217;art. 13 del REG. UE 679\/2016, nonch\u00e9 di descrivere in maniera specifica e analitica le caratteristiche e le finalit\u00e0 dei cookie installati nel sito web, con la possibilit\u00e0 per l&#8217;utente di selezionare\/deselezionare i singoli cookie. Il trattamento dei dati mediante l&#8217;utilizzo dei cookie avviene con strumenti automatizzati e il periodo di conservazione dei dati dipende dalla natura del cookie utilizzato. Che cosa sono i cookie. I cookie sono stringhe di codici di piccole dimensioni che i siti visitati dall&#8217;utente inviano al suo terminale (solitamente al browser: Google Chrome, Internet Explorer, Mozilla Firefox, ecc.), dove vengono memorizzati per essere poi ritrasmessi ad ogni occorrenza o successivo accesso da parte del medesimo utente. Perch\u00e9 sono utili. Attraverso l&#8217;utilizzo dei cookie il sito web visitato riconosce il dispositivo dell&#8217;utente e ci\u00f2 determina un miglioramento dell&#8217;esperienza di navigazione. Tra le diverse finalit\u00e0 dei cookie vi \u00e8 quella di consentire all&#8217;utente di navigare efficacemente tra le pagine del sito web, ricordargli i siti preferiti, memorizzare la lingua, ecc.; i cookie, inoltre, contribuiscono a garantire che i contenuti pubblicitari visualizzati online siano pi\u00f9 mirati, in relazione agli specifici interessi dell&#8217;utente. La classificazione dei cookie. I cookie vengono classificati in diverse tipologie: in relazione alla durata, il cookie pu\u00f2 essere di sessione, ossia automaticamente cancellato alla chiusura del browser, oppure persistente, cio\u00e8 attivo fino alla sua data di scadenza o alla sua cancellazione da parte dell&#8217;utente; in relazione alla provenienza, il cookie pu\u00f2 essere di prima parte, ossia inviato al browser direttamente dal sito che si sta visitando, oppure di terza parte, cio\u00e8 inviato al browser da altri siti e non dal sito che si sta visitando. In relazione alle finalit\u00e0, il cookie pu\u00f2 essere tecnico oppure di profilazione. Tale classificazione, per chiarezza e importanza, merita un&#8217;analisi pi\u00f9 approfondita. Il cookie tecnico permette di migliorare l&#8217;esperienza di navigazione dell&#8217;utente. In effetti, senza l&#8217;uso dei cookie tecnici alcune operazioni risulterebbero molto complesse o impossibili da eseguire. Tali cookie \u2013 che potrebbero essere di prima come di terza parte, di sessione come permanenti &#8211; non necessitano del preventivo consenso da parte dell&#8217;utente ai fini della loro installazione. I cookie tecnici sono \u201cstrettamente necessari\u201d quando consentono di navigare efficacemente nel sito web e di sfruttarne le caratteristiche essenziali, come ad esempio quella di permettere di eseguire autenticazioni informatiche oppure la memorizzazione di azioni precedenti. Bloccando l&#8217;utilizzo di questi cookie l&#8217;esperienza di navigazione dell&#8217;utente potrebbe essere compromessa. Invece, i cookie tecnici sono di \u201cfunzionalit\u00e0\u201d quando consentono di migliorare l&#8217;esperienza di navigazione memorizzando le preferenze espresse dall&#8217;utente, come la lingua, il nome, il luogo. Bloccando questi cookie l&#8217;esperienza di navigazione non sar\u00e0 compromessa, tuttavia l&#8217;utente non potr\u00e0 usufruire di tali utili servizi. I cookie tecnici sono \u201canalitici\u201d quando permettono di raccogliere informazioni sulle modalit\u00e0 di interazione al sito da parte degli utenti, analizzando il numero di pagine visitate, il tempo trascorso sul sito web, le pagine pi\u00f9 visitate e ogni altra vicenda emersa durante la navigazione, come eventuali errori provenienti dalla pagina visitata. Tali cookie consentono al titolare del sito web di ottenere dati statistici relativi alla navigazione e permettono di migliorare i servizi offerti all&#8217;utente. I cookie analitici hanno natura tecnica \u2013 non invece di profilazione \u2013 solo quando il titolare del sito ha adottato strumenti idonei a ridurre il potere identificativo dei cookie analitici utilizzati, mediante il mascheramento di porzioni significative dell&#8217;indirizzo IP. Per l&#8217;installazione dei cookie tecnici non \u00e8 necessario raccogliere il preventivo consenso da parte dell&#8217;utente, pertanto \u2013 se il sito web utilizza solo cookie tecnici \u2013 il titolare del trattamento non \u00e8 tenuto a raccogliere il consenso attraverso il banner dei cookie. L&#8217;informativa estesa (quella che l&#8217;utente sta leggendo proprio in questo momento) risulta invece obbligatoria. Il cookie di profilazione, invece, si attivano solo a seguito del rilascio del consenso da parte dell&#8217;utente. Il rilascio del consenso avviene cliccando \u201cOK\u201d (o \u201ccontinua\u201d, ecc.) sul banner presente in homepage o su altra pagina dello stesso sito. I cookie di profilazione servono a migliorare i servizi offerti nonch\u00e9 per selezionare ed inviare pubblicit\u00e0 in base alle preferenze e ai gusti manifestati dall&#8217;utente durante la navigazione. L&#8217;utilizzo dei cookie di profilazione per l&#8217;invio di pubblicit\u00e0 mirata non implica la visualizzazione di pi\u00f9 annunci pubblicitari n\u00e9 verr\u00e0 intralciata l&#8217;esperienza di navigazione. In effetti, con la disattivazione dei cookie di profilazione l&#8217;utente visualizzer\u00e0 \u2013 al posto della pubblicit\u00e0 in linea con i suoi interessi \u2013 esclusivamente pubblicit\u00e0 generica. Sono cookie di profilazione quelli statistico &#8211; analitici di terza parte senza mascheratura IP e senza incrocio dati. Sono, infine, di profilazione i cookie pubblicitari, di advertising, di tracciamento o delle conversioni.<\/li>\r\n \t<li>Come si selezionano o disabilitano i cookie. Salvo il preventivo consenso dell&#8217;utente nel caso d&#8217;installazione di cookie di profilazione, la maggioranza dei browser sono impostati per accettare automaticamente i cookie. Modificando le impostazioni del proprio browser i cookie potranno essere limitati oppure bloccati. Per la gestione dei cookie occorre fare riferimento al manuale d&#8217;istruzioni oppure alle indicazioni fornite dal proprio browser seguendo i seguenti percorsi (relativi ai browser pi\u00f9 comuni):\r\n\r\nExplorer: <a href=\"https:\/\/support.microsoft.com\/it-it\/help\/17442\/windows-internet-explorer-delete-manage-cookies\" target=\"_new\" rel=\"noopener\">https:\/\/support.microsoft.com\/it-it\/help\/17442\/windows-internet-explorer-delete-manage-cookies<\/a> Safari: <a href=\"https:\/\/support.apple.com\/kb\/PH21411?locale=it_IT\" target=\"_new\" rel=\"noopener\">https:\/\/support.apple.com\/kb\/PH21411?locale=it_IT<\/a> Chrome: <a href=\"https:\/\/support.google.com\/chrome\/answer\/95647?co=GENIE.Platform%3DDesktop&amp;hl=it\" target=\"_new\" rel=\"noopener\">https:\/\/support.google.com\/chrome\/answer\/95647?co=GENIE.Platform%3DDesktop&amp;hl=it<\/a> Firefox: <a href=\"https:\/\/support.mozilla.org\/it\/kb\/Eliminare%20i%20cookie\" target=\"_new\" rel=\"noopener\">https:\/\/support.mozilla.org\/it\/kb\/Eliminare%20i%20cookie<\/a> Opera: <a href=\"http:\/\/help.opera.com\/Windows\/12.10\/en\/deleteprivate.html\" target=\"_new\" rel=\"noopener\">http:\/\/help.opera.com\/Windows\/12.10\/en\/deleteprivate.html<\/a><\/li>\r\n<\/ol>\r\nSe l&#8217;utente utilizza pi\u00f9 browser, la procedura per la cancellazione dei cookie dovr\u00e0 essere effettuata per ciascuno di essi. Se l&#8217;utente utilizza dispositivi diversi (come smartphone o tablet), per la disinstallazione dei cookie occorrer\u00e0 far riferimento al manuale d&#8217;istruzioni del proprio dispositivo. E&#8217; opportuno precisare che se si sceglie di bloccare la ricezione dei cookie ci\u00f2 potrebbe compromettere o impedire il buon funzionamento del sito web in quanto alcuni cookie sono strettamente necessari alla navigazione.\r\n<ol start=\"3\">\r\n \t<li>Cookie e altri sistemi automatizzati utilizzati nel presente sito web. Come gestire i cookie di terze parti. Il presente sito web utilizza cookie tecnici di prime parti &#8220;strettamente necessari&#8221; e di &#8220;funzionalit\u00e0&#8221; per migliorare l&#8217;esperienza di navigazione dell&#8217;utente (per esempio, mediante il servizio di accelerazione di velocit\u00e0 oppure per la memorizzazione di azioni precedenti). Per la disattivazione di tali cookie si veda il punto 2) della presente informativa. Inoltre, il presente sito web utilizza strumenti di prime parti per monitorare il numero di accessi e le pagine visitate dall&#8217;utente. Tale sistema di monitoraggio delle azioni dell\u2019utente, necessario al Titolare per compiere valutazioni di natura statistica, non prevede la memorizzazione di dati personali dell&#8217;interessato (come il numero di identificazione online), ma prevede esclusivamente l&#8217;utilizzo di dati anonimi. Il Titolare del trattamento ha adottato specifiche misure di sicurezza per garantire l&#8217;anonimato dei dati rilasciati dall\u2019utente durante la navigazione. In ogni caso, per maggiori informazioni &#8211; anche relative ai sistemi di mascheratura dell\u2019indirizzo IP &#8211; si contattino gli indirizzi gi\u00e0 segnalati. Il presente sito sito web utilizza &#8211; anche \u2013 cookie di terze parti, i quali tuttavia non vengono controllati direttamente dal titolare del sito e di conseguenza, per la disattivazione degli stessi e per maggiori informazioni, l&#8217;utente dovr\u00e0 osservare le procedure di seguito indicate: Il presente sito sito web utilizza &#8211; anche \u2013 cookie di terze parti, i quali tuttavia non vengono controllati direttamente dal titolare del sito e di conseguenza, per la disattivazione degli stessi e per maggiori informazioni, l&#8217;utente dovr\u00e0 osservare le procedure di seguito indicate:<\/li>\r\n<\/ol>\r\n<ol>\r\n \t<li>cliccandohttp:\/\/www.youronlinechoices.com\/it\/ l&#8217;utente potr\u00e0 ottenere maggiori informazioni sul concetto di pubblicit\u00e0 comportamentale nonch\u00e9 ottenere informazioni sui cookie di terze parti, sui cookie promozionali e di targeting eventualmente archiviati sul proprio terminale. L&#8217;utente potr\u00e0 procedere alla disattivazione di tutti o solo di alcuni di questi cookie cliccando il seguente link:<a href=\"http:\/\/www.youronlinechoices.com\/it\/le-tue-scelte\" target=\"_new\" rel=\"noopener\">http:\/\/www.youronlinechoices.com\/it\/le-tue-scelte<\/a> oppure Lista cookie: 2) di seguito verranno elencati i cookie di terze parti utilizzati nel presente sito web. Per la gestione e la disattivazione di tali cookie \u00e8 necessario accedere alle informative e ai moduli di consenso di dette terze parti, cliccando sui link di seguito segnalati. Google Analytics<\/li>\r\n<\/ol>\r\nA) Il Sito utilizza Google Analytics. Si tratta di un servizio di analisi web fornito da Google Inc. (\u201cGoogle\u201d) che utilizza dei cookie che vengono depositati sul computer dell\u2019utente solo per consentire analisi statistiche in forma aggregata in ordine all\u2019utilizzo del sito web visitato. I Dati generati da Google Analytics sono conservati da Google cos\u00ec come indicato nella Informativa reperibile al seguente link: <a href=\"https:\/\/developers.google.com\/analytics\/devguides\/collection\/analyticsjs\/cookie-usage\" target=\"_new\" rel=\"noopener\">https:\/\/developers.google.com\/analytics\/devguides\/collection\/analyticsjs\/cookie-usage<\/a> Per consultare l\u2019informativa privacy della societ\u00e0 Google Inc., titolare autonomo del trattamento dei dati relativi al servizio Google Analytics, si rinvia al sito Internet <a href=\"https:\/\/policies.google.com\/technologies\/partner-sites\" target=\"_new\" rel=\"noopener\">https:\/\/policies.google.com\/technologies\/partner-sites<\/a> Nome Cookie Fornitore Finalit\u00e0 Scadenza _ga Google Analytics Analitici di terze parti. Utilizzati per finalit\u00e0 di analisi 2 anni _gid Google Analytics Analitici di terze parti. Utilizzati per finalit\u00e0 di analisi 1 giorno\r\n\r\nAl seguente link <a href=\"https:\/\/tools.google.com\/dlpage\/gaoptout?hl=it\" target=\"_new\" rel=\"noopener\">https:\/\/tools.google.com\/dlpage\/gaoptout?hl=it<\/a> \u00e8 inoltre reso disponibile da Google il componente aggiuntivo del browser per la disattivazione di Google Analytics. Mappa Interattiva B) Il sito web prevede l&#8217;utilizzo di una mappa interattiva fornita da Google Inc. che potrebbe determinare l&#8217;installazione di cookie di profilazione per la rilevazione d&#8217;informazioni e preferenze relative al servizio. Per maggiori informazioni su questo servizio o per la disattivazione dei relativi cookie, l&#8217;utente potr\u00e0 consultare la privacy policy di Google al seguente indirizzo: <a href=\"https:\/\/policies.google.com\/privacy?hl=it&amp;gl=it\" target=\"_new\" rel=\"noopener\">https:\/\/policies.google.com\/privacy?hl=it&amp;gl=it<\/a> Tuttavia su questo sito la mappa \u00e8 stata inclusa in modalit\u00e0 cookieless a norma per la privacy, per cui non \u00e8 necessario procedere con il blocco preventivo attraverso il banner cookie. Youtube C) Il sito web prevede l&#8217;utilizzo di video con possibilit\u00e0 di utilizzare Cookie &#8220;embed&#8221; per consentire la visualizzazione dei video presenti nella piattaforma YouTube Ulteriori informazioni: <a href=\"https:\/\/www.youtube.com\/static?template=privacy_guidelines\" target=\"_new\" rel=\"noopener\">https:\/\/www.youtube.com\/static?template=privacy_guidelines<\/a> Tuttavia in questo sito i video sono inclusi con la &#8220;modalit\u00e0 di privacy avanzata&#8221;. Come indicato da YouTube questo ci permette di includere il video senza installare alcun cookie di profilazione. Social Network D) Sulle pagine del sito web sono presenti alcuni bottoni di rinvio a social Network (Facebook, Linkedin, YouTube). Trattasi dei cosiddetti &#8220;Social Network Icon&#8221;, che servono esclusivamente ad indicare la presenza della nostra societ\u00e0 su una determinata piattaforma. Tali pulsanti non rilasciano cookie di profilazione di terze parti, n\u00e8 altri cookie.\r\n\r\nPer maggiori informazioni, anche relative alla disabilitazione dei cookie di terze parti inviati al browser dell&#8217;utente durante la navigazione sul presente sito web, si veda:<a href=\"http:\/\/www.youronlinechoices.com\/it\/\" target=\"_new\" rel=\"noopener\">http:\/\/www.youronlinechoices.com\/it\/<\/a> In ogni caso, se volesse saperne di pi\u00f9 in merito ai cookie, si contattino gli indirizzi gi\u00e0 segnalati in epigrafe. For any further information please write to <a target=\"_new\" rel=\"noopener\">info@sicamtubi.com<\/a>\t\t\t\t\t\t\t\t<\/div>\n\t\t\t\t<\/div>\n\t\t\t\t\t<\/div>\n\t\t\t\t<\/div>\n\t\t<div class=\"elementor-element elementor-element-3494c04 e-flex e-con-boxed e-con e-parent\" data-id=\"3494c04\" data-element_type=\"container\">\n\t\t\t\t\t<div class=\"e-con-inner\">\n\t\t\t\t<div class=\"elementor-element elementor-element-0d1cd00 elementor-widget elementor-widget-html\" data-id=\"0d1cd00\" data-element_type=\"widget\" data-widget_type=\"html.default\">\n\t\t\t\t<div class=\"elementor-widget-container\">\n\t\t\t\t\t<script type=\"text\/javascript\" src=\"https:\/\/ssc.paginegialle.it\/cgi-bin\/getcod.cgi?USER=E8956070-9FAA-F762-E040-A8C08D262EE0&BC=sitocliente\"><\/script>\t\t\t\t<\/div>\n\t\t\t\t<\/div>\n\t\t\t\t\t<\/div>\n\t\t\t\t<\/div>\n\t\t\t\t<\/div>","protected":false},"excerpt":{"rendered":"<p>SUI COOKIE DEL SITO WEB WWW.SICAMTUBI.COM Ultimo aggiornamento Aprile 2024 L&#8217;informativa sulla Privacy del sito web sicamtubi.com parte integrante della seguente Informativa sui Cookie, compresi i diritti che l&#8217;utente potr\u00e0&hellip;<\/p>","protected":false},"author":1,"featured_media":0,"parent":0,"menu_order":0,"comment_status":"closed","ping_status":"closed","template":"elementor_header_footer","meta":{"iawp_total_views":52,"footnotes":""},"class_list":["post-3","page","type-page","status-publish","hentry"],"yoast_head":"<!-- This site is optimized with the Yoast SEO plugin v26.4 - https:\/\/yoast.com\/wordpress\/plugins\/seo\/ -->\n<title>Cookie Policy - Sicam S.p.A<\/title>\n<meta name=\"robots\" content=\"index, follow, max-snippet:-1, max-image-preview:large, max-video-preview:-1\" \/>\n<link rel=\"canonical\" href=\"https:\/\/first.sicamtubi.com\/en\/cookie-policy\/\" \/>\n<meta property=\"og:locale\" content=\"en_GB\" \/>\n<meta property=\"og:type\" content=\"article\" \/>\n<meta property=\"og:title\" content=\"Cookie Policy - Sicam S.p.A\" \/>\n<meta property=\"og:description\" content=\"SUI COOKIE DEL SITO WEB WWW.SICAMTUBI.COM Ultimo aggiornamento Aprile 2024 L&#8217;informativa sulla Privacy del sito web sicamtubi.com parte integrante della seguente Informativa sui Cookie, compresi i diritti che l&#8217;utente potr\u00e0&hellip;\" \/>\n<meta property=\"og:url\" content=\"https:\/\/first.sicamtubi.com\/en\/cookie-policy\/\" \/>\n<meta property=\"og:site_name\" content=\"Sicam S.p.A\" \/>\n<meta property=\"article:modified_time\" content=\"2024-10-09T08:41:26+00:00\" \/>\n<meta name=\"twitter:card\" content=\"summary_large_image\" \/>\n<meta name=\"twitter:label1\" content=\"Estimated reading time\" \/>\n\t<meta name=\"twitter:data1\" content=\"10 minutes\" \/>\n<script type=\"application\/ld+json\" class=\"yoast-schema-graph\">{\"@context\":\"https:\/\/schema.org\",\"@graph\":[{\"@type\":\"WebPage\",\"@id\":\"https:\/\/first.sicamtubi.com\/cookie-policy\/\",\"url\":\"https:\/\/first.sicamtubi.com\/cookie-policy\/\",\"name\":\"Cookie Policy - Sicam S.p.A\",\"isPartOf\":{\"@id\":\"https:\/\/first.sicamtubi.com\/#website\"},\"datePublished\":\"2024-02-16T16:20:48+00:00\",\"dateModified\":\"2024-10-09T08:41:26+00:00\",\"breadcrumb\":{\"@id\":\"https:\/\/first.sicamtubi.com\/cookie-policy\/#breadcrumb\"},\"inLanguage\":\"en-GB\",\"potentialAction\":[{\"@type\":\"ReadAction\",\"target\":[\"https:\/\/first.sicamtubi.com\/cookie-policy\/\"]}]},{\"@type\":\"BreadcrumbList\",\"@id\":\"https:\/\/first.sicamtubi.com\/cookie-policy\/#breadcrumb\",\"itemListElement\":[{\"@type\":\"ListItem\",\"position\":1,\"name\":\"Home\",\"item\":\"https:\/\/first.sicamtubi.com\/\"},{\"@type\":\"ListItem\",\"position\":2,\"name\":\"Cookie Policy\"}]},{\"@type\":\"WebSite\",\"@id\":\"https:\/\/first.sicamtubi.com\/#website\",\"url\":\"https:\/\/first.sicamtubi.com\/\",\"name\":\"sicamtubi.com\",\"description\":\"\",\"publisher\":{\"@id\":\"https:\/\/first.sicamtubi.com\/#organization\"},\"potentialAction\":[{\"@type\":\"SearchAction\",\"target\":{\"@type\":\"EntryPoint\",\"urlTemplate\":\"https:\/\/first.sicamtubi.com\/?s={search_term_string}\"},\"query-input\":{\"@type\":\"PropertyValueSpecification\",\"valueRequired\":true,\"valueName\":\"search_term_string\"}}],\"inLanguage\":\"en-GB\"},{\"@type\":\"Organization\",\"@id\":\"https:\/\/first.sicamtubi.com\/#organization\",\"name\":\"Sicam s.p.a.\",\"url\":\"https:\/\/first.sicamtubi.com\/\",\"logo\":{\"@type\":\"ImageObject\",\"inLanguage\":\"en-GB\",\"@id\":\"https:\/\/first.sicamtubi.com\/#\/schema\/logo\/image\/\",\"url\":\"https:\/\/first.sicamtubi.com\/wp-content\/uploads\/2024\/02\/cropped-Logo_Sicam_Landing.png\",\"contentUrl\":\"https:\/\/first.sicamtubi.com\/wp-content\/uploads\/2024\/02\/cropped-Logo_Sicam_Landing.png\",\"width\":585,\"height\":157,\"caption\":\"Sicam s.p.a.\"},\"image\":{\"@id\":\"https:\/\/first.sicamtubi.com\/#\/schema\/logo\/image\/\"}}]}<\/script>\n<!-- \/ Yoast SEO plugin. -->","yoast_head_json":{"title":"Cookie Policy - Sicam S.p.A","robots":{"index":"index","follow":"follow","max-snippet":"max-snippet:-1","max-image-preview":"max-image-preview:large","max-video-preview":"max-video-preview:-1"},"canonical":"https:\/\/first.sicamtubi.com\/en\/cookie-policy\/","og_locale":"en_GB","og_type":"article","og_title":"Cookie Policy - Sicam S.p.A","og_description":"SUI COOKIE DEL SITO WEB WWW.SICAMTUBI.COM Ultimo aggiornamento Aprile 2024 L&#8217;informativa sulla Privacy del sito web sicamtubi.com parte integrante della seguente Informativa sui Cookie, compresi i diritti che l&#8217;utente potr\u00e0&hellip;","og_url":"https:\/\/first.sicamtubi.com\/en\/cookie-policy\/","og_site_name":"Sicam S.p.A","article_modified_time":"2024-10-09T08:41:26+00:00","twitter_card":"summary_large_image","twitter_misc":{"Estimated reading time":"10 minutes"},"schema":{"@context":"https:\/\/schema.org","@graph":[{"@type":"WebPage","@id":"https:\/\/first.sicamtubi.com\/cookie-policy\/","url":"https:\/\/first.sicamtubi.com\/cookie-policy\/","name":"Cookie Policy - Sicam S.p.A","isPartOf":{"@id":"https:\/\/first.sicamtubi.com\/#website"},"datePublished":"2024-02-16T16:20:48+00:00","dateModified":"2024-10-09T08:41:26+00:00","breadcrumb":{"@id":"https:\/\/first.sicamtubi.com\/cookie-policy\/#breadcrumb"},"inLanguage":"en-GB","potentialAction":[{"@type":"ReadAction","target":["https:\/\/first.sicamtubi.com\/cookie-policy\/"]}]},{"@type":"BreadcrumbList","@id":"https:\/\/first.sicamtubi.com\/cookie-policy\/#breadcrumb","itemListElement":[{"@type":"ListItem","position":1,"name":"Home","item":"https:\/\/first.sicamtubi.com\/"},{"@type":"ListItem","position":2,"name":"Cookie Policy"}]},{"@type":"WebSite","@id":"https:\/\/first.sicamtubi.com\/#website","url":"https:\/\/first.sicamtubi.com\/","name":"sicamtubi.com","description":"","publisher":{"@id":"https:\/\/first.sicamtubi.com\/#organization"},"potentialAction":[{"@type":"SearchAction","target":{"@type":"EntryPoint","urlTemplate":"https:\/\/first.sicamtubi.com\/?s={search_term_string}"},"query-input":{"@type":"PropertyValueSpecification","valueRequired":true,"valueName":"search_term_string"}}],"inLanguage":"en-GB"},{"@type":"Organization","@id":"https:\/\/first.sicamtubi.com\/#organization","name":"Sicam s.p.a.","url":"https:\/\/first.sicamtubi.com\/","logo":{"@type":"ImageObject","inLanguage":"en-GB","@id":"https:\/\/first.sicamtubi.com\/#\/schema\/logo\/image\/","url":"https:\/\/first.sicamtubi.com\/wp-content\/uploads\/2024\/02\/cropped-Logo_Sicam_Landing.png","contentUrl":"https:\/\/first.sicamtubi.com\/wp-content\/uploads\/2024\/02\/cropped-Logo_Sicam_Landing.png","width":585,"height":157,"caption":"Sicam s.p.a."},"image":{"@id":"https:\/\/first.sicamtubi.com\/#\/schema\/logo\/image\/"}}]}},"_links":{"self":[{"href":"https:\/\/first.sicamtubi.com\/en\/wp-json\/wp\/v2\/pages\/3","targetHints":{"allow":["GET"]}}],"collection":[{"href":"https:\/\/first.sicamtubi.com\/en\/wp-json\/wp\/v2\/pages"}],"about":[{"href":"https:\/\/first.sicamtubi.com\/en\/wp-json\/wp\/v2\/types\/page"}],"author":[{"embeddable":true,"href":"https:\/\/first.sicamtubi.com\/en\/wp-json\/wp\/v2\/users\/1"}],"replies":[{"embeddable":true,"href":"https:\/\/first.sicamtubi.com\/en\/wp-json\/wp\/v2\/comments?post=3"}],"version-history":[{"count":9,"href":"https:\/\/first.sicamtubi.com\/en\/wp-json\/wp\/v2\/pages\/3\/revisions"}],"predecessor-version":[{"id":2173,"href":"https:\/\/first.sicamtubi.com\/en\/wp-json\/wp\/v2\/pages\/3\/revisions\/2173"}],"wp:attachment":[{"href":"https:\/\/first.sicamtubi.com\/en\/wp-json\/wp\/v2\/media?parent=3"}],"curies":[{"name":"wp","href":"https:\/\/api.w.org\/{rel}","templated":true}]}}